{"id":628,"date":"2018-08-30T09:52:49","date_gmt":"2018-08-30T07:52:49","guid":{"rendered":"http:\/\/www.ciclifranchi.it\/wp\/?page_id=628"},"modified":"2025-05-14T08:32:07","modified_gmt":"2025-05-14T06:32:07","slug":"finanziamenti-bici-e-accessori","status":"publish","type":"page","link":"https:\/\/ciclifranchi.it\/it\/finanziamenti-bici-e-accessori\/","title":{"rendered":"FINANZIAMENTI BICI E ACCESSORI"},"content":{"rendered":"\t\t<div data-elementor-type=\"wp-page\" data-elementor-id=\"628\" class=\"elementor elementor-628\" data-elementor-post-type=\"page\">\n\t\t\t\t<div class=\"elementor-element elementor-element-e3c8077 e-con-full e-flex e-con e-parent\" data-id=\"e3c8077\" data-element_type=\"container\" data-e-type=\"container\" data-settings=\"{&quot;background_background&quot;:&quot;classic&quot;,&quot;sticky&quot;:&quot;top&quot;,&quot;sticky_on&quot;:[&quot;desktop&quot;,&quot;tablet&quot;,&quot;mobile&quot;],&quot;sticky_offset&quot;:0,&quot;sticky_effects_offset&quot;:0,&quot;sticky_anchor_link_offset&quot;:0}\">\n\t\t\t\t<div class=\"elementor-element elementor-element-4b5e8d8 elementor-widget-mobile__width-initial elementor-widget__width-auto elementor-widget elementor-widget-image\" data-id=\"4b5e8d8\" data-element_type=\"widget\" data-e-type=\"widget\" data-widget_type=\"image.default\">\n\t\t\t\t<div class=\"elementor-widget-container\">\n\t\t\t\t\t\t\t\t\t\t\t\t\t\t\t\t<a href=\"https:\/\/ciclifranchi.it\/it\">\n\t\t\t\t\t\t\t<img decoding=\"async\" src=\"https:\/\/ciclifranchi.it\/it\/wp-content\/uploads\/elementor\/thumbs\/ciclifranchi-logo-e1747204972160-r5saotlu3u3p6m0nagk6jkz8hyjjo7qpg2shs6lmzy.webp\" title=\"ciclifranchi-logo\" alt=\"ciclifranchi-logo\" loading=\"lazy\" \/>\t\t\t\t\t\t\t\t<\/a>\n\t\t\t\t\t\t\t\t\t\t\t\t\t\t\t<\/div>\n\t\t\t\t<\/div>\n\t\t\t\t<div class=\"elementor-element elementor-element-2542553 elementor-nav-menu__align-start elementor-nav-menu__text-align-center elementor-nav-menu--dropdown-tablet elementor-nav-menu--toggle elementor-nav-menu--burger elementor-widget elementor-widget-nav-menu\" data-id=\"2542553\" data-element_type=\"widget\" data-e-type=\"widget\" data-settings=\"{&quot;layout&quot;:&quot;horizontal&quot;,&quot;submenu_icon&quot;:{&quot;value&quot;:&quot;&lt;svg aria-hidden=\\&quot;true\\&quot; class=\\&quot;e-font-icon-svg e-fas-caret-down\\&quot; viewBox=\\&quot;0 0 320 512\\&quot; xmlns=\\&quot;http:\\\/\\\/www.w3.org\\\/2000\\\/svg\\&quot;&gt;&lt;path d=\\&quot;M31.3 192h257.3c17.8 0 26.7 21.5 14.1 34.1L174.1 354.8c-7.8 7.8-20.5 7.8-28.3 0L17.2 226.1C4.6 213.5 13.5 192 31.3 192z\\&quot;&gt;&lt;\\\/path&gt;&lt;\\\/svg&gt;&quot;,&quot;library&quot;:&quot;fa-solid&quot;},&quot;toggle&quot;:&quot;burger&quot;}\" data-widget_type=\"nav-menu.default\">\n\t\t\t\t<div class=\"elementor-widget-container\">\n\t\t\t\t\t\t\t\t<nav aria-label=\"Menu\" class=\"elementor-nav-menu--main elementor-nav-menu__container elementor-nav-menu--layout-horizontal e--pointer-text e--animation-none\">\n\t\t\t\t<ul id=\"menu-1-2542553\" class=\"elementor-nav-menu\"><li class=\"menu-item menu-item-type-post_type menu-item-object-page menu-item-3194\"><a href=\"https:\/\/ciclifranchi.it\/it\/cicli-franchi-chi-siamo\/\" class=\"elementor-item\">CHI SIAMO<\/a><\/li>\n<li class=\"menu-item menu-item-type-post_type menu-item-object-page menu-item-8738\"><a href=\"https:\/\/ciclifranchi.it\/it\/shop\/\" class=\"elementor-item\">PRODOTTI<\/a><\/li>\n<li class=\"menu-item menu-item-type-post_type menu-item-object-page menu-item-3199\"><a href=\"https:\/\/ciclifranchi.it\/it\/officina-specializzata-bici\/\" class=\"elementor-item\">OFFICINA<\/a><\/li>\n<li class=\"menu-item menu-item-type-post_type menu-item-object-page menu-item-3197\"><a href=\"https:\/\/ciclifranchi.it\/it\/finanziamenti-bici-e-accessori\/\" class=\"elementor-item\">FINANZIAMENTI<\/a><\/li>\n<li class=\"menu-item menu-item-type-post_type menu-item-object-page menu-item-3198\"><a href=\"https:\/\/ciclifranchi.it\/it\/gruppo-sportivo-franchi-valcelli\/\" class=\"elementor-item\">GRUPPO SPORTIVO<\/a><\/li>\n<li class=\"menu-item menu-item-type-post_type menu-item-object-page menu-item-3196\"><a href=\"https:\/\/ciclifranchi.it\/it\/contatti\/\" class=\"elementor-item\">CONTATTI<\/a><\/li>\n<\/ul>\t\t\t<\/nav>\n\t\t\t\t\t<div class=\"elementor-menu-toggle\" role=\"button\" tabindex=\"0\" aria-label=\"Menu di commutazione\" aria-expanded=\"false\">\n\t\t\t<svg aria-hidden=\"true\" role=\"presentation\" class=\"elementor-menu-toggle__icon--open e-font-icon-svg e-eicon-menu-bar\" viewBox=\"0 0 1000 1000\" xmlns=\"http:\/\/www.w3.org\/2000\/svg\"><path d=\"M104 333H896C929 333 958 304 958 271S929 208 896 208H104C71 208 42 237 42 271S71 333 104 333ZM104 583H896C929 583 958 554 958 521S929 458 896 458H104C71 458 42 487 42 521S71 583 104 583ZM104 833H896C929 833 958 804 958 771S929 708 896 708H104C71 708 42 737 42 771S71 833 104 833Z\"><\/path><\/svg><svg aria-hidden=\"true\" role=\"presentation\" class=\"elementor-menu-toggle__icon--close e-font-icon-svg e-eicon-close\" viewBox=\"0 0 1000 1000\" xmlns=\"http:\/\/www.w3.org\/2000\/svg\"><path d=\"M742 167L500 408 258 167C246 154 233 150 217 150 196 150 179 158 167 167 154 179 150 196 150 212 150 229 154 242 171 254L408 500 167 742C138 771 138 800 167 829 196 858 225 858 254 829L496 587 738 829C750 842 767 846 783 846 800 846 817 842 829 829 842 817 846 804 846 783 846 767 842 750 829 737L588 500 833 258C863 229 863 200 833 171 804 137 775 137 742 167Z\"><\/path><\/svg>\t\t<\/div>\n\t\t\t\t\t<nav class=\"elementor-nav-menu--dropdown elementor-nav-menu__container\" aria-hidden=\"true\">\n\t\t\t\t<ul id=\"menu-2-2542553\" class=\"elementor-nav-menu\"><li class=\"menu-item menu-item-type-post_type menu-item-object-page menu-item-3194\"><a href=\"https:\/\/ciclifranchi.it\/it\/cicli-franchi-chi-siamo\/\" class=\"elementor-item\" tabindex=\"-1\">CHI SIAMO<\/a><\/li>\n<li class=\"menu-item menu-item-type-post_type menu-item-object-page menu-item-8738\"><a href=\"https:\/\/ciclifranchi.it\/it\/shop\/\" class=\"elementor-item\" tabindex=\"-1\">PRODOTTI<\/a><\/li>\n<li class=\"menu-item menu-item-type-post_type menu-item-object-page menu-item-3199\"><a href=\"https:\/\/ciclifranchi.it\/it\/officina-specializzata-bici\/\" class=\"elementor-item\" tabindex=\"-1\">OFFICINA<\/a><\/li>\n<li class=\"menu-item menu-item-type-post_type menu-item-object-page menu-item-3197\"><a href=\"https:\/\/ciclifranchi.it\/it\/finanziamenti-bici-e-accessori\/\" class=\"elementor-item\" tabindex=\"-1\">FINANZIAMENTI<\/a><\/li>\n<li class=\"menu-item menu-item-type-post_type menu-item-object-page menu-item-3198\"><a href=\"https:\/\/ciclifranchi.it\/it\/gruppo-sportivo-franchi-valcelli\/\" class=\"elementor-item\" tabindex=\"-1\">GRUPPO SPORTIVO<\/a><\/li>\n<li class=\"menu-item menu-item-type-post_type menu-item-object-page menu-item-3196\"><a href=\"https:\/\/ciclifranchi.it\/it\/contatti\/\" class=\"elementor-item\" tabindex=\"-1\">CONTATTI<\/a><\/li>\n<\/ul>\t\t\t<\/nav>\n\t\t\t\t\t\t<\/div>\n\t\t\t\t<\/div>\n\t\t\t\t<\/div>\n\t\t<div class=\"elementor-element elementor-element-15606ee e-flex e-con-boxed e-con e-parent\" data-id=\"15606ee\" data-element_type=\"container\" data-e-type=\"container\">\n\t\t\t\t\t<div class=\"e-con-inner\">\n\t\t\t\t<div class=\"elementor-element elementor-element-db5f5e5 elementor-widget elementor-widget-text-editor\" data-id=\"db5f5e5\" data-element_type=\"widget\" data-e-type=\"widget\" data-widget_type=\"text-editor.default\">\n\t\t\t\t<div class=\"elementor-widget-container\">\n\t\t\t\t\t\t\t\t\t<h1 style=\"text-align: center;\"><strong>Finanziamenti Bici e Accessori Personalizzati per Tutte le Vostre Esigenze<\/strong><\/h1>\t\t\t\t\t\t\t\t<\/div>\n\t\t\t\t<\/div>\n\t\t\t\t\t<\/div>\n\t\t\t\t<\/div>\n\t\t<div class=\"elementor-element elementor-element-b15980f e-flex e-con-boxed e-con e-parent\" data-id=\"b15980f\" data-element_type=\"container\" data-e-type=\"container\">\n\t\t\t\t\t<div class=\"e-con-inner\">\n\t\t\t\t<div class=\"elementor-element elementor-element-8775b37 elementor-widget elementor-widget-text-editor\" data-id=\"8775b37\" data-element_type=\"widget\" data-e-type=\"widget\" data-widget_type=\"text-editor.default\">\n\t\t\t\t<div class=\"elementor-widget-container\">\n\t\t\t\t\t\t\t\t\t<p>Se stai pensando di acquistare una nuova bicicletta o anche accessori, il nostro servizio di finanziamento bici e accessori ti offre la soluzione ideale per realizzare istantanemente i tuoi sogni senza alcuna preoccupazione finanziaria. Con il nostro supporto, puoi pagare la tua bici e anche gli accessori in comode rate mensili a condizioni vantaggiosissime.<\/p><h4 style=\"text-align: center;\"><strong>Non lasciare che il costo di una bici e dei necessari accessori ti fermi! Approfitta ora della nostra offerta di finanziamento e inizia a pedalare verso nuove avventure!<\/strong><\/h4>\t\t\t\t\t\t\t\t<\/div>\n\t\t\t\t<\/div>\n\t\t\t\t\t<\/div>\n\t\t\t\t<\/div>\n\t\t<div class=\"elementor-element elementor-element-6d03386 e-flex e-con-boxed e-con e-parent\" data-id=\"6d03386\" data-element_type=\"container\" data-e-type=\"container\">\n\t\t\t\t\t<div class=\"e-con-inner\">\n\t\t\t\t<div class=\"elementor-element elementor-element-8a80943 elementor-widget elementor-widget-text-editor\" data-id=\"8a80943\" data-element_type=\"widget\" data-e-type=\"widget\" data-widget_type=\"text-editor.default\">\n\t\t\t\t<div class=\"elementor-widget-container\">\n\t\t\t\t\t\t\t\t\t<h2 style=\"text-align: center;\"><strong>I<\/strong> <strong>Vantaggi dei Finanziamenti Bici e Accessori<\/strong><\/h2>\t\t\t\t\t\t\t\t<\/div>\n\t\t\t\t<\/div>\n\t\t\t\t\t<\/div>\n\t\t\t\t<\/div>\n\t\t<div class=\"elementor-element elementor-element-038e5b0 e-flex e-con-boxed e-con e-parent\" data-id=\"038e5b0\" data-element_type=\"container\" data-e-type=\"container\">\n\t\t\t\t\t<div class=\"e-con-inner\">\n\t\t<div class=\"elementor-element elementor-element-6205c10 e-con-full e-flex e-con e-child\" data-id=\"6205c10\" data-element_type=\"container\" data-e-type=\"container\">\n\t\t\t\t<div class=\"elementor-element elementor-element-4e88a2a elementor-widget elementor-widget-image\" data-id=\"4e88a2a\" data-element_type=\"widget\" data-e-type=\"widget\" data-widget_type=\"image.default\">\n\t\t\t\t<div class=\"elementor-widget-container\">\n\t\t\t\t\t\t\t\t\t\t\t\t\t\t\t<img decoding=\"async\" src=\"https:\/\/ciclifranchi.it\/it\/wp-content\/uploads\/elementor\/thumbs\/IMG_2004-1-scaled-r1t30cntl0l51j9g38gin5t1xdca9rmsvteno6c79w.webp\" title=\"IMG_2004\" alt=\"Finanziamenti Bici e Accessori\" loading=\"lazy\" \/>\t\t\t\t\t\t\t\t\t\t\t\t\t\t\t<\/div>\n\t\t\t\t<\/div>\n\t\t\t\t<\/div>\n\t\t<div class=\"elementor-element elementor-element-e35b2c1 e-con-full e-flex e-con e-child\" data-id=\"e35b2c1\" data-element_type=\"container\" data-e-type=\"container\">\n\t\t\t\t<div class=\"elementor-element elementor-element-3227cd8 elementor-widget elementor-widget-text-editor\" data-id=\"3227cd8\" data-element_type=\"widget\" data-e-type=\"widget\" data-widget_type=\"text-editor.default\">\n\t\t\t\t<div class=\"elementor-widget-container\">\n\t\t\t\t\t\t\t\t\t<p><strong>Piani di Pagamento Flessibili:<\/strong> Scegli l&#8217;importo della rata e la formula di pagamento che pi\u00f9 ti aggrada. Puoi ripartire nel tempo il costo dei tuoi acquisti, minimizzando cos\u00ec l&#8217;impatto sulle tue finanze.<\/p><p><strong>Nessuna Spesa Iniziale:<\/strong> Non ci sono davvero spese di apertura pratica; dovrai pagare solo l&#8217;imposta di bollo statale obbligatoria di 30\u20ac.<\/p><p><strong>Scelta Libera dei Prodotti:<\/strong> Acquista i migliori prodotti sul mercato, garantendoti qualit\u00e0 e sicurezza concludendo il tuo acquisto con una spesa di pochi euro al mese.<\/p><p><strong>Facilit\u00e0 di Accesso:<\/strong> Non dovrai assolutamente recarti in banca; tutto il processo \u00e8 rapido e anche semplice. L&#8217;approvazione richiede solo pochi minuti e ti baster\u00e0 avere con te un documento d&#8217;identit\u00e0 e la tessera sanitaria.<\/p><p><strong>Tassi Competitivi:<\/strong> Beneficia di tassi di interesse competitivi, che ti permettono di pianificare serenamente le tue spese.<\/p><p><strong>Contante Sicuro:<\/strong> Conserva il tuo contante per le spese quotidiane, mentre gestisci le rate, che rimarranno bloccate per tutta la durata del finanziamento.<\/p>\t\t\t\t\t\t\t\t<\/div>\n\t\t\t\t<\/div>\n\t\t\t\t<\/div>\n\t\t\t\t\t<\/div>\n\t\t\t\t<\/div>\n\t\t<div class=\"elementor-element elementor-element-c64df11 e-flex e-con-boxed e-con e-parent\" data-id=\"c64df11\" data-element_type=\"container\" data-e-type=\"container\">\n\t\t\t\t\t<div class=\"e-con-inner\">\n\t\t\t\t<div class=\"elementor-element elementor-element-a77aa16 elementor-widget elementor-widget-text-editor\" data-id=\"a77aa16\" data-element_type=\"widget\" data-e-type=\"widget\" data-widget_type=\"text-editor.default\">\n\t\t\t\t<div class=\"elementor-widget-container\">\n\t\t\t\t\t\t\t\t\t<p><strong>Come Funziona<\/strong><\/p><p>Grazie ai Finanziamenti Bici e Accessori di <a href=\"https:\/\/www.santanderconsumer.it\/\" target=\"_blank\" rel=\"noopener nofollow\">Santander<\/a>, adesso puoi richiedere un importo fino a 30.000 euro, includendo nell&#8217;importo richiesto anche le spese accessorie per l&#8217;acquisto della tua nuova bicicletta o accessori. Rimborsa il finanziamento in comode rate, con anche la possibilit\u00e0 di personalizzare il piano secondo le tue necessit\u00e0.<\/p><p><strong>Informazioni e Contatti<\/strong><\/p><p>Per ulteriori informazioni sui finanziamenti bici e accessori, non esitare a <a href=\"https:\/\/www.ciclifranchi.it\/it\/contatti\/\">contattarci.<\/a> Siamo qui per aiutarti a trovare la soluzione pi\u00f9 adatta alle tue esigenze.<\/p>\t\t\t\t\t\t\t\t<\/div>\n\t\t\t\t<\/div>\n\t\t\t\t\t<\/div>\n\t\t\t\t<\/div>\n\t\t<div class=\"elementor-element elementor-element-a21419f e-flex e-con-boxed e-con e-parent\" data-id=\"a21419f\" data-element_type=\"container\" data-e-type=\"container\">\n\t\t\t\t\t<div class=\"e-con-inner\">\n\t\t<div class=\"elementor-element elementor-element-7869402 e-con-full e-flex e-con e-child\" data-id=\"7869402\" data-element_type=\"container\" data-e-type=\"container\">\n\t\t<div class=\"elementor-element elementor-element-eea677b e-con-full e-flex e-con e-child\" data-id=\"eea677b\" data-element_type=\"container\" data-e-type=\"container\">\n\t\t\t\t<div class=\"elementor-element elementor-element-86a7f1d elementor-widget elementor-widget-text-editor\" data-id=\"86a7f1d\" data-element_type=\"widget\" data-e-type=\"widget\" data-widget_type=\"text-editor.default\">\n\t\t\t\t<div class=\"elementor-widget-container\">\n\t\t\t\t\t\t\t\t\t<div class=\"col-md-4\"><h2><strong>CICLI FRANCHI<\/strong><\/h2><p>Via Galla e Sidama, 1-3 00199 &#8211; Roma <br \/>Fabrizio Franchi<br \/>Tel. e WhatsApp: +39 0686208739<\/p><p>mail: <a href=\"mailto:info@ciclifranchi.it\" target=\"_blank\" rel=\"noopener\">info@ciclifranchi.it<\/a><\/p><\/div>\t\t\t\t\t\t\t\t<\/div>\n\t\t\t\t<\/div>\n\t\t\t\t<div class=\"elementor-element elementor-element-aef506d e-grid-align-left elementor-shape-rounded elementor-grid-0 elementor-widget elementor-widget-social-icons\" data-id=\"aef506d\" data-element_type=\"widget\" data-e-type=\"widget\" data-widget_type=\"social-icons.default\">\n\t\t\t\t<div class=\"elementor-widget-container\">\n\t\t\t\t\t\t\t<div class=\"elementor-social-icons-wrapper elementor-grid\" role=\"list\">\n\t\t\t\t\t\t\t<span class=\"elementor-grid-item\" role=\"listitem\">\n\t\t\t\t\t<a class=\"elementor-icon elementor-social-icon elementor-social-icon-facebook elementor-repeater-item-bca6241\" href=\"https:\/\/www.facebook.com\/ciclifranchiroma\/\" target=\"_blank\" rel=\"nofollow noopener\">\n\t\t\t\t\t\t<span class=\"elementor-screen-only\">Facebook<\/span>\n\t\t\t\t\t\t<svg aria-hidden=\"true\" class=\"e-font-icon-svg e-fab-facebook\" viewBox=\"0 0 512 512\" xmlns=\"http:\/\/www.w3.org\/2000\/svg\"><path d=\"M504 256C504 119 393 8 256 8S8 119 8 256c0 123.78 90.69 226.38 209.25 245V327.69h-63V256h63v-54.64c0-62.15 37-96.48 93.67-96.48 27.14 0 55.52 4.84 55.52 4.84v61h-31.28c-30.8 0-40.41 19.12-40.41 38.73V256h68.78l-11 71.69h-57.78V501C413.31 482.38 504 379.78 504 256z\"><\/path><\/svg>\t\t\t\t\t<\/a>\n\t\t\t\t<\/span>\n\t\t\t\t\t\t\t<span class=\"elementor-grid-item\" role=\"listitem\">\n\t\t\t\t\t<a class=\"elementor-icon elementor-social-icon elementor-social-icon-instagram elementor-repeater-item-fa360fe\" href=\"https:\/\/www.instagram.com\/cicli_franchi\/\" target=\"_blank\" rel=\"nofollow noopener\">\n\t\t\t\t\t\t<span class=\"elementor-screen-only\">Instagram<\/span>\n\t\t\t\t\t\t<svg aria-hidden=\"true\" class=\"e-font-icon-svg e-fab-instagram\" viewBox=\"0 0 448 512\" xmlns=\"http:\/\/www.w3.org\/2000\/svg\"><path d=\"M224.1 141c-63.6 0-114.9 51.3-114.9 114.9s51.3 114.9 114.9 114.9S339 319.5 339 255.9 287.7 141 224.1 141zm0 189.6c-41.1 0-74.7-33.5-74.7-74.7s33.5-74.7 74.7-74.7 74.7 33.5 74.7 74.7-33.6 74.7-74.7 74.7zm146.4-194.3c0 14.9-12 26.8-26.8 26.8-14.9 0-26.8-12-26.8-26.8s12-26.8 26.8-26.8 26.8 12 26.8 26.8zm76.1 27.2c-1.7-35.9-9.9-67.7-36.2-93.9-26.2-26.2-58-34.4-93.9-36.2-37-2.1-147.9-2.1-184.9 0-35.8 1.7-67.6 9.9-93.9 36.1s-34.4 58-36.2 93.9c-2.1 37-2.1 147.9 0 184.9 1.7 35.9 9.9 67.7 36.2 93.9s58 34.4 93.9 36.2c37 2.1 147.9 2.1 184.9 0 35.9-1.7 67.7-9.9 93.9-36.2 26.2-26.2 34.4-58 36.2-93.9 2.1-37 2.1-147.8 0-184.8zM398.8 388c-7.8 19.6-22.9 34.7-42.6 42.6-29.5 11.7-99.5 9-132.1 9s-102.7 2.6-132.1-9c-19.6-7.8-34.7-22.9-42.6-42.6-11.7-29.5-9-99.5-9-132.1s-2.6-102.7 9-132.1c7.8-19.6 22.9-34.7 42.6-42.6 29.5-11.7 99.5-9 132.1-9s102.7-2.6 132.1 9c19.6 7.8 34.7 22.9 42.6 42.6 11.7 29.5 9 99.5 9 132.1s2.7 102.7-9 132.1z\"><\/path><\/svg>\t\t\t\t\t<\/a>\n\t\t\t\t<\/span>\n\t\t\t\t\t\t\t<span class=\"elementor-grid-item\" role=\"listitem\">\n\t\t\t\t\t<a class=\"elementor-icon elementor-social-icon elementor-social-icon-whatsapp elementor-repeater-item-317455c\" href=\"https:\/\/wa.me\/+390686208739\" target=\"_blank\" rel=\"nofollow noopener\">\n\t\t\t\t\t\t<span class=\"elementor-screen-only\">Whatsapp<\/span>\n\t\t\t\t\t\t<svg aria-hidden=\"true\" class=\"e-font-icon-svg e-fab-whatsapp\" viewBox=\"0 0 448 512\" xmlns=\"http:\/\/www.w3.org\/2000\/svg\"><path d=\"M380.9 97.1C339 55.1 283.2 32 223.9 32c-122.4 0-222 99.6-222 222 0 39.1 10.2 77.3 29.6 111L0 480l117.7-30.9c32.4 17.7 68.9 27 106.1 27h.1c122.3 0 224.1-99.6 224.1-222 0-59.3-25.2-115-67.1-157zm-157 341.6c-33.2 0-65.7-8.9-94-25.7l-6.7-4-69.8 18.3L72 359.2l-4.4-7c-18.5-29.4-28.2-63.3-28.2-98.2 0-101.7 82.8-184.5 184.6-184.5 49.3 0 95.6 19.2 130.4 54.1 34.8 34.9 56.2 81.2 56.1 130.5 0 101.8-84.9 184.6-186.6 184.6zm101.2-138.2c-5.5-2.8-32.8-16.2-37.9-18-5.1-1.9-8.8-2.8-12.5 2.8-3.7 5.6-14.3 18-17.6 21.8-3.2 3.7-6.5 4.2-12 1.4-32.6-16.3-54-29.1-75.5-66-5.7-9.8 5.7-9.1 16.3-30.3 1.8-3.7.9-6.9-.5-9.7-1.4-2.8-12.5-30.1-17.1-41.2-4.5-10.8-9.1-9.3-12.5-9.5-3.2-.2-6.9-.2-10.6-.2-3.7 0-9.7 1.4-14.8 6.9-5.1 5.6-19.4 19-19.4 46.3 0 27.3 19.9 53.7 22.6 57.4 2.8 3.7 39.1 59.7 94.8 83.8 35.2 15.2 49 16.5 66.6 13.9 10.7-1.6 32.8-13.4 37.4-26.4 4.6-13 4.6-24.1 3.2-26.4-1.3-2.5-5-3.9-10.5-6.6z\"><\/path><\/svg>\t\t\t\t\t<\/a>\n\t\t\t\t<\/span>\n\t\t\t\t\t\t\t<span class=\"elementor-grid-item\" role=\"listitem\">\n\t\t\t\t\t<a class=\"elementor-icon elementor-social-icon elementor-social-icon-envelope elementor-repeater-item-3582448\" href=\"mailto:info@ciclifranchi.it\" target=\"_blank\">\n\t\t\t\t\t\t<span class=\"elementor-screen-only\">Envelope<\/span>\n\t\t\t\t\t\t<svg aria-hidden=\"true\" class=\"e-font-icon-svg e-fas-envelope\" viewBox=\"0 0 512 512\" xmlns=\"http:\/\/www.w3.org\/2000\/svg\"><path d=\"M502.3 190.8c3.9-3.1 9.7-.2 9.7 4.7V400c0 26.5-21.5 48-48 48H48c-26.5 0-48-21.5-48-48V195.6c0-5 5.7-7.8 9.7-4.7 22.4 17.4 52.1 39.5 154.1 113.6 21.1 15.4 56.7 47.8 92.2 47.6 35.7.3 72-32.8 92.3-47.6 102-74.1 131.6-96.3 154-113.7zM256 320c23.2.4 56.6-29.2 73.4-41.4 132.7-96.3 142.8-104.7 173.4-128.7 5.8-4.5 9.2-11.5 9.2-18.9v-19c0-26.5-21.5-48-48-48H48C21.5 64 0 85.5 0 112v19c0 7.4 3.4 14.3 9.2 18.9 30.6 23.9 40.7 32.4 173.4 128.7 16.8 12.2 50.2 41.8 73.4 41.4z\"><\/path><\/svg>\t\t\t\t\t<\/a>\n\t\t\t\t<\/span>\n\t\t\t\t\t<\/div>\n\t\t\t\t\t\t<\/div>\n\t\t\t\t<\/div>\n\t\t\t\t<\/div>\n\t\t\t\t<div class=\"elementor-element elementor-element-19b048d elementor-widget__width-initial elementor-widget elementor-widget-google_maps\" data-id=\"19b048d\" data-element_type=\"widget\" data-e-type=\"widget\" data-widget_type=\"google_maps.default\">\n\t\t\t\t<div class=\"elementor-widget-container\">\n\t\t\t\t\t\t\t<div class=\"elementor-custom-embed\">\n\t\t\t<iframe loading=\"lazy\"\n\t\t\t\t\tsrc=\"https:\/\/maps.google.com\/maps?q=Via%20dei%20galla%20e%20sidama3%20roma&#038;t=m&#038;z=12&#038;output=embed&#038;iwloc=near\"\n\t\t\t\t\ttitle=\"Via dei galla e sidama3 roma\"\n\t\t\t\t\taria-label=\"Via dei galla e sidama3 roma\"\n\t\t\t><\/iframe>\n\t\t<\/div>\n\t\t\t\t\t\t<\/div>\n\t\t\t\t<\/div>\n\t\t<div class=\"elementor-element elementor-element-011eee8 e-con-full e-flex e-con e-child\" data-id=\"011eee8\" data-element_type=\"container\" data-e-type=\"container\">\n\t\t\t\t<div class=\"elementor-element elementor-element-6d9c481 elementor-widget__width-auto elementor-widget elementor-widget-image\" data-id=\"6d9c481\" data-element_type=\"widget\" data-e-type=\"widget\" data-widget_type=\"image.default\">\n\t\t\t\t<div class=\"elementor-widget-container\">\n\t\t\t\t\t\t\t\t\t\t\t\t\t\t\t<img decoding=\"async\" src=\"https:\/\/www.ciclifranchi.it\/it\/wp-content\/uploads\/2025\/02\/Logo-optimized-2.jpg\" title=\"\" alt=\"\" loading=\"lazy\" \/>\t\t\t\t\t\t\t\t\t\t\t\t\t\t\t<\/div>\n\t\t\t\t<\/div>\n\t\t\t\t<\/div>\n\t\t\t\t<\/div>\n\t\t\t\t\t<\/div>\n\t\t\t\t<\/div>\n\t\t<div class=\"elementor-element elementor-element-ac8b70e e-con-full e-flex e-con e-parent\" data-id=\"ac8b70e\" data-element_type=\"container\" data-e-type=\"container\" data-settings=\"{&quot;background_background&quot;:&quot;classic&quot;}\">\n\t\t\t\t<div class=\"elementor-element elementor-element-ce72bd6 elementor-widget__width-inherit elementor-widget elementor-widget-text-editor\" data-id=\"ce72bd6\" data-element_type=\"widget\" data-e-type=\"widget\" data-widget_type=\"text-editor.default\">\n\t\t\t\t<div class=\"elementor-widget-container\">\n\t\t\t\t\t\t\t\t\t<p><strong>\u00a9\u00a0ANTONIO FRANCHI S.A.S. DI FABRIZIO FRANCHI<\/strong>\u00a0<strong>&#8211; Vendita e Assistenza Biciclette Roma\u00a0 |\u00a0 P.Iva n. <b>07479961000<\/b><\/strong><strong>\u00a0 | \u00a0\u00a0 <a href=\"https:\/\/www.ciclifranchi.it\/it\/dichiarazione-sulla-privacy-ue\/\" target=\"_blank\" rel=\"noopener\">Privacy Policy<\/a>\u00a0 |\u00a0 <a href=\"https:\/\/www.ciclifranchi.it\/it\/cookie-policy-ue\/\" target=\"_blank\" rel=\"noopener\">Cookie Policy<\/a> \u00a0|\u00a0 <a href=\"https:\/\/2dispari.com\" target=\"_blank\" rel=\"noopener nofollow\">Credits<\/a><br \/><\/strong><\/p>\t\t\t\t\t\t\t\t<\/div>\n\t\t\t\t<\/div>\n\t\t\t\t<\/div>\n\t\t\t\t<\/div>\n\t\t","protected":false},"excerpt":{"rendered":"<p>Finanziamenti Bici e Accessori Personalizzati per Tutte le Vostre Esigenze Se stai pensando di acquistare una nuova bicicletta o anche accessori, il nostro servizio di finanziamento bici e accessori ti offre la soluzione ideale per realizzare istantanemente i tuoi sogni senza alcuna preoccupazione finanziaria. Con il nostro supporto, puoi pagare la tua bici e anche [&hellip;]<\/p>\n","protected":false},"author":1,"featured_media":0,"parent":0,"menu_order":0,"comment_status":"closed","ping_status":"closed","template":"elementor_header_footer","meta":{"footnotes":""},"class_list":["post-628","page","type-page","status-publish","hentry"],"_links":{"self":[{"href":"https:\/\/ciclifranchi.it\/it\/wp-json\/wp\/v2\/pages\/628","targetHints":{"allow":["GET"]}}],"collection":[{"href":"https:\/\/ciclifranchi.it\/it\/wp-json\/wp\/v2\/pages"}],"about":[{"href":"https:\/\/ciclifranchi.it\/it\/wp-json\/wp\/v2\/types\/page"}],"author":[{"embeddable":true,"href":"https:\/\/ciclifranchi.it\/it\/wp-json\/wp\/v2\/users\/1"}],"replies":[{"embeddable":true,"href":"https:\/\/ciclifranchi.it\/it\/wp-json\/wp\/v2\/comments?post=628"}],"version-history":[{"count":98,"href":"https:\/\/ciclifranchi.it\/it\/wp-json\/wp\/v2\/pages\/628\/revisions"}],"predecessor-version":[{"id":10675,"href":"https:\/\/ciclifranchi.it\/it\/wp-json\/wp\/v2\/pages\/628\/revisions\/10675"}],"wp:attachment":[{"href":"https:\/\/ciclifranchi.it\/it\/wp-json\/wp\/v2\/media?parent=628"}],"curies":[{"name":"wp","href":"https:\/\/api.w.org\/{rel}","templated":true}]}}